{"id":249,"date":"2025-06-11T14:55:56","date_gmt":"2025-06-11T18:55:56","guid":{"rendered":"https:\/\/keikruk.com\/site\/?page_id=249"},"modified":"2025-12-04T08:02:02","modified_gmt":"2025-12-04T12:02:02","slug":"contact","status":"publish","type":"page","link":"https:\/\/keikruk.com\/es\/contact\/","title":{"rendered":"CONTACTO"},"content":{"rendered":"<p><strong>Nos encantar\u00eda saber de ti.<\/strong><br \/>\nEn KEIKRUK\u2122, siempre estamos abiertos a conectar, ya sea que tengas preguntas, ideas, propuestas de colaboraci\u00f3n o simplemente quieras compartir una historia, un momento en la naturaleza o algo que te inspire a vivir con m\u00e1s prop\u00f3sito.<\/p>\n<p>Este no es solo un formulario de contacto: es una invitaci\u00f3n a formar parte de algo.<br \/>\nUn espacio para intercambiar, aprender unos de otros y hacer crecer una comunidad de personas que se preocupan por la tierra, por el significado y por caminar con delicadeza por el mundo.<\/p>\n<p>Rellena el formulario y nos pondremos en contacto contigo pronto.<br \/>\nTambi\u00e9n puedes escribirnos directamente a <strong>contact@keikruk.com<\/strong> o contactarnos a trav\u00e9s de nuestras redes sociales.<\/p>\n<p>Gracias por estar aqu\u00ed y por formar parte de un movimiento que valora la naturaleza, la creatividad y la conexi\u00f3n aut\u00e9ntica.<\/p>\n<div class=\"wpforms-container wpforms-container-full wpforms-render-modern\" id=\"wpforms-371\"><form id=\"wpforms-form-371\" class=\"wpforms-validate wpforms-form wpforms-ajax-form\" data-formid=\"371\" method=\"post\" enctype=\"multipart\/form-data\" action=\"\/es\/wp-json\/wp\/v2\/pages\/249\" data-token=\"e476aac7c81eca3b8a83826ea2a851e9\" data-token-time=\"1775517119\"><noscript class=\"wpforms-error-noscript\">Por favor, activa JavaScript en tu navegador para completar este formulario.<\/noscript><div class=\"wpforms-hidden\" id=\"wpforms-error-noscript\">Por favor, activa JavaScript en tu navegador para completar este formulario.<\/div><div class=\"wpforms-field-container\"><div id=\"wpforms-371-field_1-container\" class=\"wpforms-field wpforms-field-name\" data-field-id=\"1\"><fieldset><legend class=\"wpforms-field-label\">Nombre <span class=\"wpforms-required-label\" aria-hidden=\"true\">*<\/span><\/legend><div class=\"wpforms-field-row wpforms-field-large\"><div class=\"wpforms-field-row-block wpforms-first wpforms-one-half\"><input type=\"text\" id=\"wpforms-371-field_1\" class=\"wpforms-field-name-first wpforms-field-required\" name=\"wpforms[fields][1][first]\" aria-errormessage=\"wpforms-371-field_1-error\" required><label for=\"wpforms-371-field_1\" class=\"wpforms-field-sublabel after\">Nombre<\/label><\/div><div class=\"wpforms-field-row-block wpforms-one-half\"><input type=\"text\" id=\"wpforms-371-field_1-last\" class=\"wpforms-field-name-last wpforms-field-required\" name=\"wpforms[fields][1][last]\" aria-errormessage=\"wpforms-371-field_1-last-error\" required><label for=\"wpforms-371-field_1-last\" class=\"wpforms-field-sublabel after\">Apellidos<\/label><\/div><\/div><\/fieldset><\/div><div id=\"wpforms-371-field_2-container\" class=\"wpforms-field wpforms-field-email\" data-field-id=\"2\"><label class=\"wpforms-field-label\" for=\"wpforms-371-field_2\">Email <span class=\"wpforms-required-label\" aria-hidden=\"true\">*<\/span><\/label><input type=\"email\" id=\"wpforms-371-field_2\" class=\"wpforms-field-large wpforms-field-required\" name=\"wpforms[fields][2]\" spellcheck=\"false\" aria-errormessage=\"wpforms-371-field_2-error\" required><\/div><div id=\"wpforms-371-field_5-container\" class=\"wpforms-field wpforms-field-radio wpforms-list-inline\" data-field-id=\"5\"><fieldset><legend class=\"wpforms-field-label\">\u00bfPorqu\u00e9 nos contactas? <span class=\"wpforms-required-label\" aria-hidden=\"true\">*<\/span><\/legend><ul id=\"wpforms-371-field_5\" class=\"wpforms-field-required\"><li class=\"choice-1 depth-1\"><input type=\"radio\" id=\"wpforms-371-field_5_1\" name=\"wpforms[fields][5]\" value=\"Saludar\" aria-errormessage=\"wpforms-371-field_5_1-error\" required ><label class=\"wpforms-field-label-inline\" for=\"wpforms-371-field_5_1\">Saludar<\/label><\/li><li class=\"choice-4 depth-1\"><input type=\"radio\" id=\"wpforms-371-field_5_4\" name=\"wpforms[fields][5]\" value=\"Sugerencias\" aria-errormessage=\"wpforms-371-field_5_4-error\" required ><label class=\"wpforms-field-label-inline\" for=\"wpforms-371-field_5_4\">Sugerencias<\/label><\/li><li class=\"choice-2 depth-1\"><input type=\"radio\" id=\"wpforms-371-field_5_2\" name=\"wpforms[fields][5]\" value=\"Felicitaciones\" aria-errormessage=\"wpforms-371-field_5_2-error\" required ><label class=\"wpforms-field-label-inline\" for=\"wpforms-371-field_5_2\">Felicitaciones<\/label><\/li><li class=\"choice-3 depth-1\"><input type=\"radio\" id=\"wpforms-371-field_5_3\" name=\"wpforms[fields][5]\" value=\"Problemas de Producto\" aria-errormessage=\"wpforms-371-field_5_3-error\" required ><label class=\"wpforms-field-label-inline\" for=\"wpforms-371-field_5_3\">Problemas de Producto<\/label><\/li><li class=\"choice-5 depth-1\"><input type=\"radio\" id=\"wpforms-371-field_5_5\" name=\"wpforms[fields][5]\" value=\"Quiero ser distribuidor\" aria-errormessage=\"wpforms-371-field_5_5-error\" required ><label class=\"wpforms-field-label-inline\" for=\"wpforms-371-field_5_5\">Quiero ser distribuidor<\/label><\/li><li class=\"choice-6 depth-1\"><input type=\"radio\" id=\"wpforms-371-field_5_6\" name=\"wpforms[fields][5]\" value=\"Otros\" aria-errormessage=\"wpforms-371-field_5_6-error\" required ><label class=\"wpforms-field-label-inline\" for=\"wpforms-371-field_5_6\">Otros<\/label><\/li><\/ul><\/fieldset><\/div><div id=\"wpforms-371-field_3-container\" class=\"wpforms-field wpforms-field-textarea\" data-field-id=\"3\"><label class=\"wpforms-field-label\" for=\"wpforms-371-field_3\">Comentarios o Mensaje<\/label><textarea id=\"wpforms-371-field_3\" class=\"wpforms-field-large\" name=\"wpforms[fields][3]\" aria-errormessage=\"wpforms-371-field_3-error\" ><\/textarea><\/div><div id=\"wpforms-371-field_4-container\" class=\"wpforms-field wpforms-field-captcha\" data-field-id=\"4\"><label class=\"wpforms-field-label\" for=\"wpforms-371-field_4\">Captcha <span class=\"wpforms-required-label\" aria-hidden=\"true\">*<\/span><\/label>\t\t\t<div class=\"wpforms-captcha-math\">\n\t\t\t\t<span id=\"wpforms-371-field_4-question\" class=\"wpforms-captcha-equation\">\n\t\t\t\t\t<span class=\"n1\">9<\/span>\n\t\t\t\t\t\t\t<span class=\"cal\">*<\/span>\n\t\t\t\t\t\t\t<span class=\"n2\">7<\/span>\t\t\t\t\t<span class=\"e\">=<\/span>\n\t\t\t\t<\/span>\n\t\t\t\t<input type=\"text\" id=\"wpforms-371-field_4\" class=\"wpforms-field-medium wpforms-field-required a\" data-rule-wpf-captcha=\"math\" data-is-wrapped-field=\"1\" name=\"wpforms[fields][4][a]\" aria-errormessage=\"wpforms-371-field_4-error\" aria-describedby=\"wpforms-371-field_4-question\" required>\t\t\t\t<input type=\"hidden\" name=\"wpforms[fields][4][cal]\" class=\"cal\">\n\t\t\t\t<input type=\"hidden\" name=\"wpforms[fields][4][n2]\" class=\"n2\">\n\t\t\t\t<input type=\"hidden\" name=\"wpforms[fields][4][n1]\" class=\"n1\">\n\t\t\t<\/div>\n\t\t\t<\/div><div id=\"wpforms-371-field_7-container\" class=\"wpforms-field wpforms-field-checkbox\" data-field-id=\"7\"><fieldset><legend class=\"wpforms-field-label\">T\u00e9rminos y Condiciones <span class=\"wpforms-required-label\" aria-hidden=\"true\">*<\/span><\/legend><ul id=\"wpforms-371-field_7\" class=\"wpforms-field-required\"><li class=\"choice-1 depth-1\"><input type=\"checkbox\" id=\"wpforms-371-field_7_1\" name=\"wpforms[fields][7][]\" value=\"He le\u00eddo y aceptado los &lt;a href=&quot;https:\/\/keikruk.com\/es\/terms-and-conditions\/&quot; target=&quot;_blank&quot; rel=&quot;noopener noreferrer&quot;&gt;Terminos y Condiciones&lt;\/a&gt;\" aria-errormessage=\"wpforms-371-field_7_1-error\" required ><label class=\"wpforms-field-label-inline\" for=\"wpforms-371-field_7_1\">He le\u00eddo y aceptado los <a href=\"https:\/\/keikruk.com\/es\/terms-and-conditions\/\" target=\"_blank\" rel=\"noopener noreferrer\">Terminos y Condiciones<\/a><\/label><\/li><\/ul><\/fieldset><\/div><\/div><!-- .wpforms-field-container --><div class=\"wpforms-submit-container\" ><input type=\"hidden\" name=\"wpforms[id]\" value=\"371\"><input type=\"hidden\" name=\"page_title\" value=\"\"><input type=\"hidden\" name=\"page_url\" value=\"https:\/\/keikruk.com\/es\/wp-json\/wp\/v2\/pages\/249\"><input type=\"hidden\" name=\"url_referer\" value=\"\"><button type=\"submit\" name=\"wpforms[submit]\" id=\"wpforms-submit-371\" class=\"wpforms-submit\" data-alt-text=\"Enviando...\" data-submit-text=\"Enviar\" aria-live=\"assertive\" value=\"wpforms-submit\">Enviar<\/button><img loading=\"lazy\" decoding=\"async\" src=\"https:\/\/keikruk.com\/es\/wp-content\/plugins\/wpforms\/assets\/images\/submit-spin.svg\" class=\"wpforms-submit-spinner\" style=\"display: none;\" width=\"26\" height=\"26\" alt=\"Cargando\"><\/div><\/form><\/div>  <!-- .wpforms-container -->\n","protected":false},"excerpt":{"rendered":"<p>Nos encantar\u00eda saber de ti. En KEIKRUK\u2122, siempre estamos abiertos a conectar, ya sea que tengas preguntas, ideas, propuestas de colaboraci\u00f3n o simplemente quieras compartir una historia, un momento en la naturaleza o algo que te inspire a vivir con m\u00e1s prop\u00f3sito. Este no es solo un formulario de contacto: es una invitaci\u00f3n a formar&#8230;<\/p>\n","protected":false},"author":1,"featured_media":0,"parent":0,"menu_order":0,"comment_status":"closed","ping_status":"closed","template":"","meta":{"footnotes":""},"class_list":["post-249","page","type-page","status-publish","hentry"],"acf":[],"_links":{"self":[{"href":"https:\/\/keikruk.com\/es\/wp-json\/wp\/v2\/pages\/249","targetHints":{"allow":["GET"]}}],"collection":[{"href":"https:\/\/keikruk.com\/es\/wp-json\/wp\/v2\/pages"}],"about":[{"href":"https:\/\/keikruk.com\/es\/wp-json\/wp\/v2\/types\/page"}],"author":[{"embeddable":true,"href":"https:\/\/keikruk.com\/es\/wp-json\/wp\/v2\/users\/1"}],"replies":[{"embeddable":true,"href":"https:\/\/keikruk.com\/es\/wp-json\/wp\/v2\/comments?post=249"}],"version-history":[{"count":18,"href":"https:\/\/keikruk.com\/es\/wp-json\/wp\/v2\/pages\/249\/revisions"}],"predecessor-version":[{"id":1136,"href":"https:\/\/keikruk.com\/es\/wp-json\/wp\/v2\/pages\/249\/revisions\/1136"}],"wp:attachment":[{"href":"https:\/\/keikruk.com\/es\/wp-json\/wp\/v2\/media?parent=249"}],"curies":[{"name":"wp","href":"https:\/\/api.w.org\/{rel}","templated":true}]}}