{"id":258,"date":"2025-06-11T14:57:35","date_gmt":"2025-06-11T18:57:35","guid":{"rendered":"https:\/\/keikruk.com\/site\/?page_id=258"},"modified":"2025-12-03T17:13:38","modified_gmt":"2025-12-03T21:13:38","slug":"community","status":"publish","type":"page","link":"https:\/\/keikruk.com\/es\/community\/","title":{"rendered":"COMUNIDAD"},"content":{"rendered":"<p>Aqu\u00ed descubrir\u00e1s historias, im\u00e1genes y experiencias compartidas por viajeros de todo el mundo: momentos reales vividos en la carretera, en la monta\u00f1a, junto al mar y en parajes naturales que nos inspiran.<\/p>\n<p>Si te gusta explorar o simplemente quieres inspirarte, este es tu espacio.<\/p>\n<p>Y si quieres formar parte y compartir tu propio viaje, <strong>te invitamos a visitar la secci\u00f3n &#8220;EXPLORA CON NOSOTROS&#8221;<\/strong>, donde podr\u00e1s contactarnos para que te publiquemos aqu\u00ed y en nuestras redes sociales.<\/p>\n<p>Porque una comunidad no es solo algo que ves, <strong>es algo a lo que puedes unirte.<\/strong><\/p>\n<p><strong>Este espacio crece contigo.<\/strong><\/p>\n<p data-start=\"907\" data-end=\"1086\"><a href=\"https:\/\/keikruk.com\/site\/register\/\"><strong>Reg\u00edstrate<\/strong><\/a> o <a href=\"#\"><strong>Inicia sesi\u00f3n<\/strong><\/a> para acceder a contenido exclusivo para miembros, participar en conversaciones y ayudar a crear una comunidad donde la naturaleza, la creatividad y la verdadera conexi\u00f3n se unen.<\/p>\n","protected":false},"excerpt":{"rendered":"<p>Aqu\u00ed descubrir\u00e1s historias, im\u00e1genes y experiencias compartidas por viajeros de todo el mundo: momentos reales vividos en la carretera, en la monta\u00f1a, junto al mar y en parajes naturales que nos inspiran. Si te gusta explorar o simplemente quieres inspirarte, este es tu espacio. Y si quieres formar parte y compartir tu propio viaje, te&#8230;<\/p>\n","protected":false},"author":1,"featured_media":0,"parent":0,"menu_order":0,"comment_status":"closed","ping_status":"closed","template":"page-full.php","meta":{"footnotes":""},"class_list":["post-258","page","type-page","status-publish","hentry"],"acf":[],"_links":{"self":[{"href":"https:\/\/keikruk.com\/es\/wp-json\/wp\/v2\/pages\/258","targetHints":{"allow":["GET"]}}],"collection":[{"href":"https:\/\/keikruk.com\/es\/wp-json\/wp\/v2\/pages"}],"about":[{"href":"https:\/\/keikruk.com\/es\/wp-json\/wp\/v2\/types\/page"}],"author":[{"embeddable":true,"href":"https:\/\/keikruk.com\/es\/wp-json\/wp\/v2\/users\/1"}],"replies":[{"embeddable":true,"href":"https:\/\/keikruk.com\/es\/wp-json\/wp\/v2\/comments?post=258"}],"version-history":[{"count":20,"href":"https:\/\/keikruk.com\/es\/wp-json\/wp\/v2\/pages\/258\/revisions"}],"predecessor-version":[{"id":1110,"href":"https:\/\/keikruk.com\/es\/wp-json\/wp\/v2\/pages\/258\/revisions\/1110"}],"wp:attachment":[{"href":"https:\/\/keikruk.com\/es\/wp-json\/wp\/v2\/media?parent=258"}],"curies":[{"name":"wp","href":"https:\/\/api.w.org\/{rel}","templated":true}]}}