{"id":582,"date":"2025-10-09T10:01:58","date_gmt":"2025-10-09T14:01:58","guid":{"rendered":"https:\/\/keikruk.com\/site\/?page_id=582"},"modified":"2025-12-18T07:51:47","modified_gmt":"2025-12-18T11:51:47","slug":"3r-design","status":"publish","type":"page","link":"https:\/\/keikruk.com\/es\/3r-design\/","title":{"rendered":"Dise\u00f1o 3R"},"content":{"rendered":"<p>Cada bandana que creamos es un homenaje a la naturaleza, no solo a trav\u00e9s de sus im\u00e1genes, sino tambi\u00e9n a trav\u00e9s de cada decisi\u00f3n que tomamos.<br \/>\nPor eso, nuestro dise\u00f1o sigue el principio de las <strong>3R: Reducir, Reutilizar y Reciclar<\/strong>, junto con un compromiso real con mejores materiales, producci\u00f3n responsable y colaboraciones conscientes.<\/p>\n<p>No afirmamos ser perfectos, pero prometemos esforzarnos al m\u00e1ximo con las herramientas y los medios a nuestro alcance, y seguir mejorando en cada paso del camino.<\/p>\n<p><strong>Reducir:<\/strong> Dise\u00f1ados teniendo en cuenta nuestra huella ecol\u00f3gica.<\/p>\n<p>Desde el primer boceto, nos esforzamos por elegir materiales y embalajes con el menor impacto ambiental posible para nuestros env\u00edos a todo el mundo.<\/p>\n<p>Adem\u00e1s, siempre buscaremos alternativas de abastecimiento m\u00e1s cercanas a nuestros mercados, para mantenernos fieles a esta filosof\u00eda.<\/p>\n<p><strong>Reutilizar: <\/strong>La huella de carbono generada por el transporte global no es el \u00fanico impacto en el medio ambiente. Por eso, dise\u00f1amos nuestros productos considerando no solo el origen de los materiales, sino tambi\u00e9n su destino final despu\u00e9s de su uso. Las telas, los empaques, los materiales de soporte, e incluso nuestros productos promocionales, se crean cuidadosamente para minimizar las posibilidades de que terminen en vertederos o contaminen r\u00edos y oc\u00e9anos. Siempre buscaremos maneras, a nuestro alcance, de reducir los residuos y prolongar la vida \u00fatil de cada pieza que fabricamos.<\/p>\n<p><strong>Recicla: <\/strong>Haremos todo lo posible para promover el reciclaje e inspirar a nuestra comunidad a comprender d\u00f3nde deben ir nuestros productos al final de su ciclo de vida.<\/p>\n","protected":false},"excerpt":{"rendered":"<p>Cada bandana que creamos es un homenaje a la naturaleza, no solo a trav\u00e9s de sus im\u00e1genes, sino tambi\u00e9n a trav\u00e9s de cada decisi\u00f3n que tomamos. Por eso, nuestro dise\u00f1o sigue el principio de las 3R: Reducir, Reutilizar y Reciclar, junto con un compromiso real con mejores materiales, producci\u00f3n responsable y colaboraciones conscientes. No afirmamos&#8230;<\/p>\n","protected":false},"author":1,"featured_media":0,"parent":0,"menu_order":0,"comment_status":"closed","ping_status":"closed","template":"","meta":{"footnotes":""},"class_list":["post-582","page","type-page","status-publish","hentry"],"acf":[],"_links":{"self":[{"href":"https:\/\/keikruk.com\/es\/wp-json\/wp\/v2\/pages\/582","targetHints":{"allow":["GET"]}}],"collection":[{"href":"https:\/\/keikruk.com\/es\/wp-json\/wp\/v2\/pages"}],"about":[{"href":"https:\/\/keikruk.com\/es\/wp-json\/wp\/v2\/types\/page"}],"author":[{"embeddable":true,"href":"https:\/\/keikruk.com\/es\/wp-json\/wp\/v2\/users\/1"}],"replies":[{"embeddable":true,"href":"https:\/\/keikruk.com\/es\/wp-json\/wp\/v2\/comments?post=582"}],"version-history":[{"count":12,"href":"https:\/\/keikruk.com\/es\/wp-json\/wp\/v2\/pages\/582\/revisions"}],"predecessor-version":[{"id":1106,"href":"https:\/\/keikruk.com\/es\/wp-json\/wp\/v2\/pages\/582\/revisions\/1106"}],"wp:attachment":[{"href":"https:\/\/keikruk.com\/es\/wp-json\/wp\/v2\/media?parent=582"}],"curies":[{"name":"wp","href":"https:\/\/api.w.org\/{rel}","templated":true}]}}