{"id":584,"date":"2025-10-09T10:02:19","date_gmt":"2025-10-09T14:02:19","guid":{"rendered":"https:\/\/keikruk.com\/site\/?page_id=584"},"modified":"2025-11-27T10:00:28","modified_gmt":"2025-11-27T14:00:28","slug":"technology","status":"publish","type":"page","link":"https:\/\/keikruk.com\/es\/technology\/","title":{"rendered":"Tecnolog\u00eda"},"content":{"rendered":"<p><strong>Tela Full Stretch<\/strong><\/p>\n<p>Nuestras bandanas est\u00e1n confeccionadas con tejido el\u00e1stico en 4 direcciones, lo que significa que el material se estira tanto horizontal como verticalmente. Esto permite:<\/p>\n<p>Un ajuste perfecto y c\u00f3modo en la cara, el cuello o la cabeza.<br \/>\nLibertad de movimiento, ideal para senderismo, ciclismo, pesca o uso diario.<br \/>\nRecuperaci\u00f3n de la forma sin deformarse, incluso despu\u00e9s de un uso prolongado.<\/p>\n<p>Elegimos este tejido porque quer\u00edamos una prenda que se adaptara a ti, no al rev\u00e9s.<\/p>\n<p><strong>Bordes cosidos reforzados<\/strong><\/p>\n<p>En lugar de bordes sin rematar o cortados a l\u00e1ser, nuestras bandanas cuentan con costuras reforzadas en los bordes.<\/p>\n<p>\u00bfPor qu\u00e9?<\/p>\n<p>Evita que se deshilache con el tiempo y despu\u00e9s de varios lavados.<br \/>\nLe proporciona al pa\u00f1uelo una mejor estructura y durabilidad.<br \/>\nGarantiza una mayor vida \u00fatil, incluso en condiciones exteriores exigentes.<\/p>\n<p>Esta elecci\u00f3n de confecci\u00f3n refleja nuestro compromiso con la calidad y la longevidad.<\/p>\n<p><strong>Protecci\u00f3n solar integrada \u2014 Sin tratamientos qu\u00edmicos<\/strong><\/p>\n<p>El tejido proporciona UPF (Factor de Protecci\u00f3n Ultravioleta), lo que significa que bloquea de forma natural los da\u00f1inos rayos UVA y UVB.<\/p>\n<p>No se aplican recubrimientos qu\u00edmicos adicionales; la protecci\u00f3n proviene de la densidad y la estructura del tejido.<br \/>\nPerfecto para entornos con luz solar intensa, como monta\u00f1as, lagos y paisajes abiertos de la Patagonia.<\/p>\n<p>Elegimos este tejido porque un verdadero rendimiento no tiene por qu\u00e9 comprometer tu piel ni el medio ambiente.<\/p>\n<p><strong>\u26a0\ufe0f Aviso legal sobre protecci\u00f3n solar<\/strong><\/p>\n<p>Nuestras bandanas (o cualquier otro equivalente en el mercado) proporcionan una capa adicional de protecci\u00f3n solar, pero no deben sustituir las pr\u00e1cticas tradicionales de protecci\u00f3n solar, como el uso de protector solar, sombreros o gafas de sol.<\/p>\n<p>Para una protecci\u00f3n completa durante las actividades al aire libre, especialmente en entornos con alta exposici\u00f3n a rayos UV, recomendamos combinar nuestras bandanas con otras medidas de protecci\u00f3n solar.<\/p>\n<p>Si no est\u00e1s seguro de cu\u00e1l es la mejor manera de proteger tu piel en condiciones extremas, siempre es recomendable consultar con un profesional de la salud o un especialista en actividades al aire libre. Tu salud es lo primero.<\/p>\n","protected":false},"excerpt":{"rendered":"<p>Tela Full Stretch Nuestras bandanas est\u00e1n confeccionadas con tejido el\u00e1stico en 4 direcciones, lo que significa que el material se estira tanto horizontal como verticalmente. Esto permite: Un ajuste perfecto y c\u00f3modo en la cara, el cuello o la cabeza. Libertad de movimiento, ideal para senderismo, ciclismo, pesca o uso diario. Recuperaci\u00f3n de la forma&#8230;<\/p>\n","protected":false},"author":1,"featured_media":0,"parent":0,"menu_order":0,"comment_status":"closed","ping_status":"closed","template":"","meta":{"footnotes":""},"class_list":["post-584","page","type-page","status-publish","hentry"],"acf":[],"_links":{"self":[{"href":"https:\/\/keikruk.com\/es\/wp-json\/wp\/v2\/pages\/584","targetHints":{"allow":["GET"]}}],"collection":[{"href":"https:\/\/keikruk.com\/es\/wp-json\/wp\/v2\/pages"}],"about":[{"href":"https:\/\/keikruk.com\/es\/wp-json\/wp\/v2\/types\/page"}],"author":[{"embeddable":true,"href":"https:\/\/keikruk.com\/es\/wp-json\/wp\/v2\/users\/1"}],"replies":[{"embeddable":true,"href":"https:\/\/keikruk.com\/es\/wp-json\/wp\/v2\/comments?post=584"}],"version-history":[{"count":10,"href":"https:\/\/keikruk.com\/es\/wp-json\/wp\/v2\/pages\/584\/revisions"}],"predecessor-version":[{"id":1078,"href":"https:\/\/keikruk.com\/es\/wp-json\/wp\/v2\/pages\/584\/revisions\/1078"}],"wp:attachment":[{"href":"https:\/\/keikruk.com\/es\/wp-json\/wp\/v2\/media?parent=584"}],"curies":[{"name":"wp","href":"https:\/\/api.w.org\/{rel}","templated":true}]}}