{"id":586,"date":"2025-10-09T10:02:52","date_gmt":"2025-10-09T14:02:52","guid":{"rendered":"https:\/\/keikruk.com\/site\/?page_id=586"},"modified":"2025-12-03T17:15:30","modified_gmt":"2025-12-03T21:15:30","slug":"global-collections","status":"publish","type":"page","link":"https:\/\/keikruk.com\/es\/our-products\/global-collections\/","title":{"rendered":"Colecciones Globales"},"content":{"rendered":"<p>KEIKRUK\u2122 naci\u00f3 en la Patagonia, pero no pertenece a un solo lugar. Nuestro esp\u00edritu es n\u00f3made y nuestra comunidad est\u00e1 formada por viajeros que cruzan monta\u00f1as, desiertos, oc\u00e9anos y ciudades invisibles a los mapas.<\/p>\n<p>Por eso, junto con nuestra Colecci\u00f3n Vive Patagonia, creamos Colecciones Globales, inspiradas en los viajes reales de exploradores de todo el mundo.<\/p>\n<p>Cada colecci\u00f3n nace de una experiencia compartida. Puede provenir de los glaciares de Islandia, las dunas del Sahara, los bosques de Jap\u00f3n o los altos pasos del Himalaya, pero lo que m\u00e1s importa no es la geograf\u00eda, sino la transformaci\u00f3n que el viaje gener\u00f3 en el viajero.<\/p>\n<p>Cada Colecci\u00f3n Global rinde homenaje a la cultura local.<\/p>\n<p>Cada bandana se convierte en un peque\u00f1o mapa del alma: una historia tejida por quienes recorrieron el camino antes que nosotros.<\/p>\n<p>Visita nuestra secci\u00f3n <strong>Explora con Nosotros<\/strong> y descubre c\u00f3mo puedes ayudar a co-crear una Colecci\u00f3n Global inspirada en tu propia experiencia.<\/p>\n","protected":false},"excerpt":{"rendered":"<p>KEIKRUK\u2122 naci\u00f3 en la Patagonia, pero no pertenece a un solo lugar. Nuestro esp\u00edritu es n\u00f3made y nuestra comunidad est\u00e1 formada por viajeros que cruzan monta\u00f1as, desiertos, oc\u00e9anos y ciudades invisibles a los mapas. Por eso, junto con nuestra Colecci\u00f3n Vive Patagonia, creamos Colecciones Globales, inspiradas en los viajes reales de exploradores de todo el&#8230;<\/p>\n","protected":false},"author":1,"featured_media":0,"parent":253,"menu_order":0,"comment_status":"closed","ping_status":"closed","template":"","meta":{"footnotes":""},"class_list":["post-586","page","type-page","status-publish","hentry"],"acf":[],"_links":{"self":[{"href":"https:\/\/keikruk.com\/es\/wp-json\/wp\/v2\/pages\/586","targetHints":{"allow":["GET"]}}],"collection":[{"href":"https:\/\/keikruk.com\/es\/wp-json\/wp\/v2\/pages"}],"about":[{"href":"https:\/\/keikruk.com\/es\/wp-json\/wp\/v2\/types\/page"}],"author":[{"embeddable":true,"href":"https:\/\/keikruk.com\/es\/wp-json\/wp\/v2\/users\/1"}],"replies":[{"embeddable":true,"href":"https:\/\/keikruk.com\/es\/wp-json\/wp\/v2\/comments?post=586"}],"version-history":[{"count":13,"href":"https:\/\/keikruk.com\/es\/wp-json\/wp\/v2\/pages\/586\/revisions"}],"predecessor-version":[{"id":1113,"href":"https:\/\/keikruk.com\/es\/wp-json\/wp\/v2\/pages\/586\/revisions\/1113"}],"up":[{"embeddable":true,"href":"https:\/\/keikruk.com\/es\/wp-json\/wp\/v2\/pages\/253"}],"wp:attachment":[{"href":"https:\/\/keikruk.com\/es\/wp-json\/wp\/v2\/media?parent=586"}],"curies":[{"name":"wp","href":"https:\/\/api.w.org\/{rel}","templated":true}]}}