{"id":588,"date":"2025-10-09T10:03:04","date_gmt":"2025-10-09T14:03:04","guid":{"rendered":"https:\/\/keikruk.com\/site\/?page_id=588"},"modified":"2025-11-27T10:15:38","modified_gmt":"2025-11-27T14:15:38","slug":"limited-editions","status":"publish","type":"page","link":"https:\/\/keikruk.com\/es\/our-products\/limited-editions\/","title":{"rendered":"Ediciones Limitadas"},"content":{"rendered":"<p>Cada Colecci\u00f3n Global se crea en colaboraci\u00f3n con viajeros y comunidades locales de diferentes rincones del mundo.<br \/>\nComo homenaje a las personas y lugares que nos inspiran, cada colecci\u00f3n incluye dise\u00f1os exclusivos que solo se pueden encontrar y comprar en esos lugares espec\u00edficos.<\/p>\n<p>Estas <strong>Ediciones Limitadas<\/strong> existen por dos razones:<\/p>\n<p>Para honrar y retribuir a las comunidades locales que comparten sus historias, paisajes y tradiciones con nosotros.<\/p>\n<p>Para animar a los viajeros a visitarlos, a conectar con la tierra, su gente y la cultura que dio forma a cada dise\u00f1o.<\/p>\n<p>M\u00e1s que un producto, estas piezas son una invitaci\u00f3n discreta: descubre y forma parte de la historia que las vio nacer.<\/p>\n","protected":false},"excerpt":{"rendered":"<p>Cada Colecci\u00f3n Global se crea en colaboraci\u00f3n con viajeros y comunidades locales de diferentes rincones del mundo. Como homenaje a las personas y lugares que nos inspiran, cada colecci\u00f3n incluye dise\u00f1os exclusivos que solo se pueden encontrar y comprar en esos lugares espec\u00edficos. Estas Ediciones Limitadas existen por dos razones: Para honrar y retribuir a&#8230;<\/p>\n","protected":false},"author":1,"featured_media":0,"parent":253,"menu_order":0,"comment_status":"closed","ping_status":"closed","template":"","meta":{"footnotes":""},"class_list":["post-588","page","type-page","status-publish","hentry"],"acf":[],"_links":{"self":[{"href":"https:\/\/keikruk.com\/es\/wp-json\/wp\/v2\/pages\/588","targetHints":{"allow":["GET"]}}],"collection":[{"href":"https:\/\/keikruk.com\/es\/wp-json\/wp\/v2\/pages"}],"about":[{"href":"https:\/\/keikruk.com\/es\/wp-json\/wp\/v2\/types\/page"}],"author":[{"embeddable":true,"href":"https:\/\/keikruk.com\/es\/wp-json\/wp\/v2\/users\/1"}],"replies":[{"embeddable":true,"href":"https:\/\/keikruk.com\/es\/wp-json\/wp\/v2\/comments?post=588"}],"version-history":[{"count":9,"href":"https:\/\/keikruk.com\/es\/wp-json\/wp\/v2\/pages\/588\/revisions"}],"predecessor-version":[{"id":1085,"href":"https:\/\/keikruk.com\/es\/wp-json\/wp\/v2\/pages\/588\/revisions\/1085"}],"up":[{"embeddable":true,"href":"https:\/\/keikruk.com\/es\/wp-json\/wp\/v2\/pages\/253"}],"wp:attachment":[{"href":"https:\/\/keikruk.com\/es\/wp-json\/wp\/v2\/media?parent=588"}],"curies":[{"name":"wp","href":"https:\/\/api.w.org\/{rel}","templated":true}]}}