{"id":592,"date":"2025-10-09T10:04:18","date_gmt":"2025-10-09T14:04:18","guid":{"rendered":"https:\/\/keikruk.com\/site\/?page_id=592"},"modified":"2025-12-02T11:05:35","modified_gmt":"2025-12-02T15:05:35","slug":"want-to-be-a-keikruk-ambassador","status":"publish","type":"page","link":"https:\/\/keikruk.com\/es\/want-to-be-a-keikruk-ambassador\/","title":{"rendered":"\u00bfQuieres ser embajador KEIKRUK?"},"content":{"rendered":"<p><strong>Tu viaje podr\u00eda convertirse en nuestra pr\u00f3xima colecci\u00f3n.<\/strong><br \/>\nEn <strong>KEIKRUK\u2122<\/strong>, creemos que el mundo se construye a partir de las historias de quienes se atreven a explorarlo.<\/p>\n<p>Si has recorrido caminos m\u00e1s all\u00e1 de los habituales \u2014a trav\u00e9s de monta\u00f1as, desiertos, campos de hielo, ciudades sin nombre\u2014, queremos conocer tu historia.<\/p>\n<p>Comparte tu ruta, tus emociones, tus rincones m\u00e1s escondidos. Juntos, transformaremos tu viaje en una colecci\u00f3n de pa\u00f1uelos que habla el idioma del viento, la carretera y el alma.<\/p>\n<p>Cont\u00e1ctanos y caminemos juntos.<\/p>\n<p><strong>Alba y Carlos<\/strong><\/p>\n<p><em>Cofundadores de KEIKRUK\u2122<\/em><\/p>\n","protected":false},"excerpt":{"rendered":"<p>Tu viaje podr\u00eda convertirse en nuestra pr\u00f3xima colecci\u00f3n. En KEIKRUK\u2122, creemos que el mundo se construye a partir de las historias de quienes se atreven a explorarlo. Si has recorrido caminos m\u00e1s all\u00e1 de los habituales \u2014a trav\u00e9s de monta\u00f1as, desiertos, campos de hielo, ciudades sin nombre\u2014, queremos conocer tu historia. Comparte tu ruta, tus&#8230;<\/p>\n","protected":false},"author":1,"featured_media":0,"parent":0,"menu_order":0,"comment_status":"closed","ping_status":"closed","template":"","meta":{"footnotes":""},"class_list":["post-592","page","type-page","status-publish","hentry"],"acf":[],"_links":{"self":[{"href":"https:\/\/keikruk.com\/es\/wp-json\/wp\/v2\/pages\/592","targetHints":{"allow":["GET"]}}],"collection":[{"href":"https:\/\/keikruk.com\/es\/wp-json\/wp\/v2\/pages"}],"about":[{"href":"https:\/\/keikruk.com\/es\/wp-json\/wp\/v2\/types\/page"}],"author":[{"embeddable":true,"href":"https:\/\/keikruk.com\/es\/wp-json\/wp\/v2\/users\/1"}],"replies":[{"embeddable":true,"href":"https:\/\/keikruk.com\/es\/wp-json\/wp\/v2\/comments?post=592"}],"version-history":[{"count":9,"href":"https:\/\/keikruk.com\/es\/wp-json\/wp\/v2\/pages\/592\/revisions"}],"predecessor-version":[{"id":1097,"href":"https:\/\/keikruk.com\/es\/wp-json\/wp\/v2\/pages\/592\/revisions\/1097"}],"wp:attachment":[{"href":"https:\/\/keikruk.com\/es\/wp-json\/wp\/v2\/media?parent=592"}],"curies":[{"name":"wp","href":"https:\/\/api.w.org\/{rel}","templated":true}]}}